{"id":147,"date":"2017-10-22T15:01:59","date_gmt":"2017-10-22T13:01:59","guid":{"rendered":"http:\/\/fmc.landerneau.net\/?page_id=147"},"modified":"2018-05-14T17:06:24","modified_gmt":"2018-05-14T15:06:24","slug":"presentation-de-lassociation","status":"publish","type":"page","link":"https:\/\/fmc.landerneau.net\/","title":{"rendered":"Pr\u00e9sentation de l&rsquo;association"},"content":{"rendered":"<p>Les r\u00e9unions de FMC ont lieu \u00e0 Landerneau, au Clos du Pontic, tous les deuxi\u00e8mes jeudi du mois, \u00e0 20 heures 30, sauf en juillet et ao\u00fbt.<\/p>\n<p><img loading=\"lazy\" decoding=\"async\" class=\"puce\" src=\"https:\/\/fmc.landerneau.net\/squelettes-dist\/puce.gif\" alt=\"-\" width=\"8\" height=\"11\" \/>\u00a0Les modifications exceptionnelles de date et\/ou de programme sont toujours signal\u00e9es sur les invitations.<\/p>\n<p><img loading=\"lazy\" decoding=\"async\" class=\"puce\" src=\"https:\/\/fmc.landerneau.net\/squelettes-dist\/puce.gif\" alt=\"-\" width=\"8\" height=\"11\" \/>\u00a0Le choix du programme de l\u2019ann\u00e9e est d\u00e9termin\u00e9 par les membres du bureau, en novembre ou d\u00e9cembre, apr\u00e8s consultation de tous les membres habituellement cotisants \u00e0 l\u2019association.<\/p>\n","protected":false},"excerpt":{"rendered":"<p>Les r\u00e9unions de FMC ont lieu \u00e0 Landerneau, au Clos du Pontic, tous les deuxi\u00e8mes jeudi du mois, \u00e0 20 heures 30, sauf en juillet et ao\u00fbt. \u00a0Les modifications exceptionnelles de date et\/ou de programme sont toujours signal\u00e9es sur les invitations. \u00a0Le choix du programme de l\u2019ann\u00e9e est d\u00e9termin\u00e9 par les membres du bureau, en [&hellip;]<\/p>\n","protected":false},"author":3,"featured_media":0,"parent":0,"menu_order":0,"comment_status":"closed","ping_status":"closed","template":"","meta":{"footnotes":""},"class_list":["post-147","page","type-page","status-publish","hentry"],"_links":{"self":[{"href":"https:\/\/fmc.landerneau.net\/index.php?rest_route=\/wp\/v2\/pages\/147","targetHints":{"allow":["GET"]}}],"collection":[{"href":"https:\/\/fmc.landerneau.net\/index.php?rest_route=\/wp\/v2\/pages"}],"about":[{"href":"https:\/\/fmc.landerneau.net\/index.php?rest_route=\/wp\/v2\/types\/page"}],"author":[{"embeddable":true,"href":"https:\/\/fmc.landerneau.net\/index.php?rest_route=\/wp\/v2\/users\/3"}],"replies":[{"embeddable":true,"href":"https:\/\/fmc.landerneau.net\/index.php?rest_route=%2Fwp%2Fv2%2Fcomments&post=147"}],"version-history":[{"count":3,"href":"https:\/\/fmc.landerneau.net\/index.php?rest_route=\/wp\/v2\/pages\/147\/revisions"}],"predecessor-version":[{"id":238,"href":"https:\/\/fmc.landerneau.net\/index.php?rest_route=\/wp\/v2\/pages\/147\/revisions\/238"}],"wp:attachment":[{"href":"https:\/\/fmc.landerneau.net\/index.php?rest_route=%2Fwp%2Fv2%2Fmedia&parent=147"}],"curies":[{"name":"wp","href":"https:\/\/api.w.org\/{rel}","templated":true}]}}