{"id":153,"date":"2017-10-22T15:07:50","date_gmt":"2017-10-22T13:07:50","guid":{"rendered":"http:\/\/fmc.landerneau.net\/?page_id=153"},"modified":"2017-10-22T15:13:53","modified_gmt":"2017-10-22T13:13:53","slug":"cotiser-a-lassociation","status":"publish","type":"page","link":"https:\/\/fmc.landerneau.net\/?page_id=153","title":{"rendered":"Cotiser \u00e0 l&rsquo;association"},"content":{"rendered":"<p>N\u2019h\u00e9sitez pas \u00e0 contacter le tr\u00e9sorier par mail en cliquant <a class=\"spip_mail\" href=\"mailto:f-m-c@landerneau.net\">ici<\/a>, ou par t\u00e9l\u00e9phone au 02.98.40.16.41\u00a0pour connaitre l\u2019\u00e9tat de vos cotisations.<br \/>\nNB\u00a0: augmentation de la cotisation en 2015, \u00e0 40 \u20ac.<\/p>\n","protected":false},"excerpt":{"rendered":"<p>N\u2019h\u00e9sitez pas \u00e0 contacter le tr\u00e9sorier par mail en cliquant ici, ou par t\u00e9l\u00e9phone au 02.98.40.16.41\u00a0pour connaitre l\u2019\u00e9tat de vos cotisations. NB\u00a0: augmentation de la cotisation en 2015, \u00e0 40 \u20ac.<\/p>\n","protected":false},"author":3,"featured_media":0,"parent":147,"menu_order":0,"comment_status":"closed","ping_status":"closed","template":"","meta":{"footnotes":""},"class_list":["post-153","page","type-page","status-publish","hentry"],"_links":{"self":[{"href":"https:\/\/fmc.landerneau.net\/index.php?rest_route=\/wp\/v2\/pages\/153","targetHints":{"allow":["GET"]}}],"collection":[{"href":"https:\/\/fmc.landerneau.net\/index.php?rest_route=\/wp\/v2\/pages"}],"about":[{"href":"https:\/\/fmc.landerneau.net\/index.php?rest_route=\/wp\/v2\/types\/page"}],"author":[{"embeddable":true,"href":"https:\/\/fmc.landerneau.net\/index.php?rest_route=\/wp\/v2\/users\/3"}],"replies":[{"embeddable":true,"href":"https:\/\/fmc.landerneau.net\/index.php?rest_route=%2Fwp%2Fv2%2Fcomments&post=153"}],"version-history":[{"count":1,"href":"https:\/\/fmc.landerneau.net\/index.php?rest_route=\/wp\/v2\/pages\/153\/revisions"}],"predecessor-version":[{"id":154,"href":"https:\/\/fmc.landerneau.net\/index.php?rest_route=\/wp\/v2\/pages\/153\/revisions\/154"}],"up":[{"embeddable":true,"href":"https:\/\/fmc.landerneau.net\/index.php?rest_route=\/wp\/v2\/pages\/147"}],"wp:attachment":[{"href":"https:\/\/fmc.landerneau.net\/index.php?rest_route=%2Fwp%2Fv2%2Fmedia&parent=153"}],"curies":[{"name":"wp","href":"https:\/\/api.w.org\/{rel}","templated":true}]}}