{"id":167,"date":"2017-10-22T15:48:15","date_gmt":"2017-10-22T13:48:15","guid":{"rendered":"http:\/\/fmc.landerneau.net\/?page_id=167"},"modified":"2017-10-22T15:48:34","modified_gmt":"2017-10-22T13:48:34","slug":"programme-2008","status":"publish","type":"page","link":"https:\/\/fmc.landerneau.net\/?page_id=167","title":{"rendered":"Programme 2008"},"content":{"rendered":"<p><img loading=\"lazy\" decoding=\"async\" class=\"puce\" src=\"https:\/\/fmc.landerneau.net\/squelettes-dist\/puce.gif\" alt=\"-\" width=\"8\" height=\"11\" \/>\u00a0Les thrombopathies <i>(10\/01\/2008)<\/i><br \/>\n<img loading=\"lazy\" decoding=\"async\" class=\"puce\" src=\"https:\/\/fmc.landerneau.net\/squelettes-dist\/puce.gif\" alt=\"-\" width=\"8\" height=\"11\" \/>\u00a0Premi\u00e8re consultation gyn\u00e9cologique chez l\u2019adolescente <i>(14\/02\/2008)<\/i><br \/>\n<img loading=\"lazy\" decoding=\"async\" class=\"puce\" src=\"https:\/\/fmc.landerneau.net\/squelettes-dist\/puce.gif\" alt=\"-\" width=\"8\" height=\"11\" \/>\u00a0Urgences p\u00e9diatriques en m\u00e9decine g\u00e9n\u00e9rale <i>(13\/03\/2008)<\/i><br \/>\n<img loading=\"lazy\" decoding=\"async\" class=\"puce\" src=\"https:\/\/fmc.landerneau.net\/squelettes-dist\/puce.gif\" alt=\"-\" width=\"8\" height=\"11\" \/>\u00a0Cancer du sein\u00a0: actualit\u00e9s <i>(10\/04\/2008)<\/i><br \/>\n<img loading=\"lazy\" decoding=\"async\" class=\"puce\" src=\"https:\/\/fmc.landerneau.net\/squelettes-dist\/puce.gif\" alt=\"-\" width=\"8\" height=\"11\" \/>\u00a0Les tendinopathies <i>(22\/05\/2008)<\/i><br \/>\n<img loading=\"lazy\" decoding=\"async\" class=\"puce\" src=\"https:\/\/fmc.landerneau.net\/squelettes-dist\/puce.gif\" alt=\"-\" width=\"8\" height=\"11\" \/>\u00a0Les MST <i>(12\/06\/2008)<\/i><br \/>\n<img loading=\"lazy\" decoding=\"async\" class=\"puce\" src=\"https:\/\/fmc.landerneau.net\/squelettes-dist\/puce.gif\" alt=\"-\" width=\"8\" height=\"11\" \/>\u00a0Plaies ulc\u00e9r\u00e9es et pansements <i>(11\/09\/2008)<\/i><br \/>\n<img loading=\"lazy\" decoding=\"async\" class=\"puce\" src=\"https:\/\/fmc.landerneau.net\/squelettes-dist\/puce.gif\" alt=\"-\" width=\"8\" height=\"11\" \/>\u00a0Les nouveaux traitements du diab\u00e8te <i>(09\/10\/2008)<\/i><br \/>\n<img loading=\"lazy\" decoding=\"async\" class=\"puce\" src=\"https:\/\/fmc.landerneau.net\/squelettes-dist\/puce.gif\" alt=\"-\" width=\"8\" height=\"11\" \/>\u00a0Analyse critique des recommandations en antibioth\u00e9rapie <i>(13\/11\/2008)<\/i><br \/>\n<img loading=\"lazy\" decoding=\"async\" class=\"puce\" src=\"https:\/\/fmc.landerneau.net\/squelettes-dist\/puce.gif\" alt=\"-\" width=\"8\" height=\"11\" \/>\u00a0Troubles de l\u2019apprentissage chez l\u2019enfant <i>(11\/12\/2008)<\/i><br \/>\n<img loading=\"lazy\" decoding=\"async\" class=\"puce\" src=\"https:\/\/fmc.landerneau.net\/squelettes-dist\/puce.gif\" alt=\"-\" width=\"8\" height=\"11\" \/>\u00a0D\u00e9pistage des cancers\u00a0: int\u00e9r\u00eat\u00a0? Jusqu\u2019\u00e0 quel \u00e2ge\u00a0? <i>(15\/01\/2009)<\/i><\/p>\n","protected":false},"excerpt":{"rendered":"<p>\u00a0Les thrombopathies (10\/01\/2008) \u00a0Premi\u00e8re consultation gyn\u00e9cologique chez l\u2019adolescente (14\/02\/2008) \u00a0Urgences p\u00e9diatriques en m\u00e9decine g\u00e9n\u00e9rale (13\/03\/2008) \u00a0Cancer du sein\u00a0: actualit\u00e9s (10\/04\/2008) \u00a0Les tendinopathies (22\/05\/2008) \u00a0Les MST (12\/06\/2008) \u00a0Plaies ulc\u00e9r\u00e9es et pansements (11\/09\/2008) \u00a0Les nouveaux traitements du diab\u00e8te (09\/10\/2008) \u00a0Analyse critique des recommandations en antibioth\u00e9rapie (13\/11\/2008) \u00a0Troubles de l\u2019apprentissage chez l\u2019enfant (11\/12\/2008) \u00a0D\u00e9pistage des cancers\u00a0: int\u00e9r\u00eat\u00a0? Jusqu\u2019\u00e0 [&hellip;]<\/p>\n","protected":false},"author":3,"featured_media":0,"parent":165,"menu_order":0,"comment_status":"closed","ping_status":"closed","template":"","meta":{"footnotes":""},"class_list":["post-167","page","type-page","status-publish","hentry"],"_links":{"self":[{"href":"https:\/\/fmc.landerneau.net\/index.php?rest_route=\/wp\/v2\/pages\/167","targetHints":{"allow":["GET"]}}],"collection":[{"href":"https:\/\/fmc.landerneau.net\/index.php?rest_route=\/wp\/v2\/pages"}],"about":[{"href":"https:\/\/fmc.landerneau.net\/index.php?rest_route=\/wp\/v2\/types\/page"}],"author":[{"embeddable":true,"href":"https:\/\/fmc.landerneau.net\/index.php?rest_route=\/wp\/v2\/users\/3"}],"replies":[{"embeddable":true,"href":"https:\/\/fmc.landerneau.net\/index.php?rest_route=%2Fwp%2Fv2%2Fcomments&post=167"}],"version-history":[{"count":2,"href":"https:\/\/fmc.landerneau.net\/index.php?rest_route=\/wp\/v2\/pages\/167\/revisions"}],"predecessor-version":[{"id":169,"href":"https:\/\/fmc.landerneau.net\/index.php?rest_route=\/wp\/v2\/pages\/167\/revisions\/169"}],"up":[{"embeddable":true,"href":"https:\/\/fmc.landerneau.net\/index.php?rest_route=\/wp\/v2\/pages\/165"}],"wp:attachment":[{"href":"https:\/\/fmc.landerneau.net\/index.php?rest_route=%2Fwp%2Fv2%2Fmedia&parent=167"}],"curies":[{"name":"wp","href":"https:\/\/api.w.org\/{rel}","templated":true}]}}