{"id":180,"date":"2017-10-22T15:51:18","date_gmt":"2017-10-22T13:51:18","guid":{"rendered":"http:\/\/fmc.landerneau.net\/?page_id=180"},"modified":"2017-10-22T15:51:18","modified_gmt":"2017-10-22T13:51:18","slug":"programme-2014","status":"publish","type":"page","link":"https:\/\/fmc.landerneau.net\/?page_id=180","title":{"rendered":"Programme 2014"},"content":{"rendered":"<p><img loading=\"lazy\" decoding=\"async\" class=\"puce\" src=\"https:\/\/fmc.landerneau.net\/squelettes-dist\/puce.gif\" alt=\"-\" width=\"8\" height=\"11\" \/>\u00a013 f\u00e9vrier 2014\u00a0: La gale (et autres parasitoses en dermatologie)<\/p>\n<p><img loading=\"lazy\" decoding=\"async\" class=\"puce\" src=\"https:\/\/fmc.landerneau.net\/squelettes-dist\/puce.gif\" alt=\"-\" width=\"8\" height=\"11\" \/>\u00a020 mars 2014\u00a0: Antibioth\u00e9rapie (2\u00e8me partie)<\/p>\n<p><img loading=\"lazy\" decoding=\"async\" class=\"puce\" src=\"https:\/\/fmc.landerneau.net\/squelettes-dist\/puce.gif\" alt=\"-\" width=\"8\" height=\"11\" \/>\u00a010 avril 2004\u00a0: Chirurgie de l\u2019ob\u00e9sit\u00e9<\/p>\n<p><img loading=\"lazy\" decoding=\"async\" class=\"puce\" src=\"https:\/\/fmc.landerneau.net\/squelettes-dist\/puce.gif\" alt=\"-\" width=\"8\" height=\"11\" \/>\u00a015 mai 2014\u00a0: Hospitalisation sous contrainte en psychiatrie (nouvelles dispositions)<\/p>\n<p><img loading=\"lazy\" decoding=\"async\" class=\"puce\" src=\"https:\/\/fmc.landerneau.net\/squelettes-dist\/puce.gif\" alt=\"-\" width=\"8\" height=\"11\" \/>\u00a005 juin 2014\u00a0: L\u2019an\u00e9mie du sujet \u00e2g\u00e9<\/p>\n<p><img loading=\"lazy\" decoding=\"async\" class=\"puce\" src=\"https:\/\/fmc.landerneau.net\/squelettes-dist\/puce.gif\" alt=\"-\" width=\"8\" height=\"11\" \/>\u00a011 septembre 2014\u00a0: Choisir une pilule<\/p>\n<p><img loading=\"lazy\" decoding=\"async\" class=\"puce\" src=\"https:\/\/fmc.landerneau.net\/squelettes-dist\/puce.gif\" alt=\"-\" width=\"8\" height=\"11\" \/>\u00a09 octobre 2014\u00a0: Cancer et h\u00e9r\u00e9dit\u00e9<\/p>\n<p><img loading=\"lazy\" decoding=\"async\" class=\"puce\" src=\"https:\/\/fmc.landerneau.net\/squelettes-dist\/puce.gif\" alt=\"-\" width=\"8\" height=\"11\" \/>\u00a013 novembre 2014\u00a0: Traitements substitutifs aux opiac\u00e9s et sevrage des toxicomanes<\/p>\n<p><img loading=\"lazy\" decoding=\"async\" class=\"puce\" src=\"https:\/\/fmc.landerneau.net\/squelettes-dist\/puce.gif\" alt=\"-\" width=\"8\" height=\"11\" \/>\u00a011 d\u00e9cembre 2014\u00a0: Diagnostic d\u2019une maladie auto-immune<\/p>\n<p><img loading=\"lazy\" decoding=\"async\" class=\"puce\" src=\"https:\/\/fmc.landerneau.net\/squelettes-dist\/puce.gif\" alt=\"-\" width=\"8\" height=\"11\" \/>\u00a08 janvier 2015\u00a0: Les diff\u00e9rentes d\u00e9mences (hors Alzheimer)<\/p>\n","protected":false},"excerpt":{"rendered":"<p>\u00a013 f\u00e9vrier 2014\u00a0: La gale (et autres parasitoses en dermatologie) \u00a020 mars 2014\u00a0: Antibioth\u00e9rapie (2\u00e8me partie) \u00a010 avril 2004\u00a0: Chirurgie de l\u2019ob\u00e9sit\u00e9 \u00a015 mai 2014\u00a0: Hospitalisation sous contrainte en psychiatrie (nouvelles dispositions) \u00a005 juin 2014\u00a0: L\u2019an\u00e9mie du sujet \u00e2g\u00e9 \u00a011 septembre 2014\u00a0: Choisir une pilule \u00a09 octobre 2014\u00a0: Cancer et h\u00e9r\u00e9dit\u00e9 \u00a013 novembre 2014\u00a0: Traitements [&hellip;]<\/p>\n","protected":false},"author":3,"featured_media":0,"parent":165,"menu_order":0,"comment_status":"closed","ping_status":"closed","template":"","meta":{"footnotes":""},"class_list":["post-180","page","type-page","status-publish","hentry"],"_links":{"self":[{"href":"https:\/\/fmc.landerneau.net\/index.php?rest_route=\/wp\/v2\/pages\/180","targetHints":{"allow":["GET"]}}],"collection":[{"href":"https:\/\/fmc.landerneau.net\/index.php?rest_route=\/wp\/v2\/pages"}],"about":[{"href":"https:\/\/fmc.landerneau.net\/index.php?rest_route=\/wp\/v2\/types\/page"}],"author":[{"embeddable":true,"href":"https:\/\/fmc.landerneau.net\/index.php?rest_route=\/wp\/v2\/users\/3"}],"replies":[{"embeddable":true,"href":"https:\/\/fmc.landerneau.net\/index.php?rest_route=%2Fwp%2Fv2%2Fcomments&post=180"}],"version-history":[{"count":1,"href":"https:\/\/fmc.landerneau.net\/index.php?rest_route=\/wp\/v2\/pages\/180\/revisions"}],"predecessor-version":[{"id":181,"href":"https:\/\/fmc.landerneau.net\/index.php?rest_route=\/wp\/v2\/pages\/180\/revisions\/181"}],"up":[{"embeddable":true,"href":"https:\/\/fmc.landerneau.net\/index.php?rest_route=\/wp\/v2\/pages\/165"}],"wp:attachment":[{"href":"https:\/\/fmc.landerneau.net\/index.php?rest_route=%2Fwp%2Fv2%2Fmedia&parent=180"}],"curies":[{"name":"wp","href":"https:\/\/api.w.org\/{rel}","templated":true}]}}