{"id":182,"date":"2017-10-22T15:51:58","date_gmt":"2017-10-22T13:51:58","guid":{"rendered":"http:\/\/fmc.landerneau.net\/?page_id=182"},"modified":"2017-10-22T15:51:58","modified_gmt":"2017-10-22T13:51:58","slug":"programme-2015","status":"publish","type":"page","link":"https:\/\/fmc.landerneau.net\/?page_id=182","title":{"rendered":"Programme 2015"},"content":{"rendered":"<p><strong>&#8211; jeudi 8 janvier 2015<\/strong><\/p>\n<ul class=\"spip\">\n<li><i>Sujet<\/i>\u00a0: \u00ab\u00a0D\u00e9mences (sauf Alzheimer)\u00a0\u00bb.<\/li>\n<li><i>Intervenant<\/i>\u00a0: Dr Hamon, neurologue \u00e0 Brest.<\/li>\n<\/ul>\n<p><strong>&#8211; jeudi 5 f\u00e9vrier 2015<\/strong><\/p>\n<ul class=\"spip\">\n<li><i>Sujet<\/i>\u00a0: \u00ab\u00a0Suivi de grossesse (partie n\u00b01)\u00a0\u00bb.<\/li>\n<li><i>Intervenant<\/i>\u00a0: Pr Collet, du CHU de Brest.<\/li>\n<\/ul>\n<p><strong>&#8211; jeudi 12 mars 2015<\/strong><\/p>\n<ul class=\"spip\">\n<li><i>Sujet<\/i>\u00a0: \u00ab\u00a0Viroses non communes\u00a0\u00bb.<\/li>\n<li><i>Intervenant<\/i>\u00a0: Dr Nicolas, infectiologue \u00e0 Brest.<\/li>\n<\/ul>\n<p><strong>&#8211; jeudi 9 avril 2015<\/strong><\/p>\n<ul class=\"spip\">\n<li><i>Sujet<\/i>\u00a0: \u00ab\u00a0Fin de vie\u00a0\u00bb.<\/li>\n<li><i>Intervenant<\/i>\u00a0: Dr Conrad, du r\u00e9seau Respecte de Lesneven.<\/li>\n<\/ul>\n<p><strong>&#8211; jeudi 21 mai 2015<\/strong><\/p>\n<ul class=\"spip\">\n<li><i>Sujet<\/i>\u00a0: \u00ab\u00a0Suivi de grossesse (partie n\u00b02)\u00a0\u00bb.<\/li>\n<li><i>Intervenant<\/i>\u00a0: Pr Collet, du CHU de Brest.<\/li>\n<\/ul>\n<p><strong>&#8211; jeudi 11 juin 2015<\/strong><\/p>\n<ul class=\"spip\">\n<li><i>Sujet<\/i>\u00a0: \u00ab\u00a0Diab\u00e8te du sujet \u00e2g\u00e9\u00a0\u00bb.<\/li>\n<li><i>Intervenant<\/i>\u00a0: Dr Crouzeix, endocrinologue au CH de Landerneau.<\/li>\n<\/ul>\n<p><strong>&#8211; jeudi 10 (ou 17) septembre 2015<\/strong><\/p>\n<ul class=\"spip\">\n<li><i>Sujet<\/i>\u00a0: \u00ab\u00a0Prescrire en 2015\u00a0\u00bb.<\/li>\n<li><i>Intervenant<\/i>\u00a0: non confirm\u00e9.<\/li>\n<\/ul>\n<p><strong>&#8211; jeudi 8 octobre 2015<\/strong><\/p>\n<ul class=\"spip\">\n<li><i>Sujet<\/i>\u00a0: \u00ab\u00a0Chimioth\u00e9rapie\u00a0\u00bb.<\/li>\n<li><i>Intervenant<\/i>\u00a0: non confirm\u00e9.<\/li>\n<\/ul>\n<p><strong>&#8211; jeudi 12 novembre 2015<\/strong><\/p>\n<ul class=\"spip\">\n<li><i>Sujet<\/i>\u00a0: \u00ab\u00a0Fonction r\u00e9nale et iatrog\u00e9nie \u00ab\u00a0.<\/li>\n<li><i>Intervenant<\/i>\u00a0: Pr Le Meur, du CHU de Brest (\u00e0 confirmer).<\/li>\n<\/ul>\n<p><strong>&#8211; jeudi 10 d\u00e9cembre 2015<\/strong><\/p>\n<ul class=\"spip\">\n<li><i>Sujet<\/i>\u00a0: \u00ab\u00a0Entorses et tendinites\u00a0\u00bb<\/li>\n<li><i>Intervenant<\/i>\u00a0: Pr Dubrana, du CHU de Brest.<\/li>\n<\/ul>\n<p><strong>&#8211; jeudi 14 janvier 2016<\/strong><\/p>\n<ul class=\"spip\">\n<li><i>Sujet<\/i>\u00a0: \u00ab\u00a0Pathologie thyro\u00efdienne\u00a0\u00bb.<\/li>\n<li><i>Intervenant<\/i>\u00a0: Dr Merceur, endocrinologue \u00e0 Brest (\u00e0 confirmer).<\/li>\n<\/ul>\n","protected":false},"excerpt":{"rendered":"<p>&#8211; jeudi 8 janvier 2015 Sujet\u00a0: \u00ab\u00a0D\u00e9mences (sauf Alzheimer)\u00a0\u00bb. Intervenant\u00a0: Dr Hamon, neurologue \u00e0 Brest. &#8211; jeudi 5 f\u00e9vrier 2015 Sujet\u00a0: \u00ab\u00a0Suivi de grossesse (partie n\u00b01)\u00a0\u00bb. Intervenant\u00a0: Pr Collet, du CHU de Brest. &#8211; jeudi 12 mars 2015 Sujet\u00a0: \u00ab\u00a0Viroses non communes\u00a0\u00bb. Intervenant\u00a0: Dr Nicolas, infectiologue \u00e0 Brest. &#8211; jeudi 9 avril 2015 Sujet\u00a0: \u00ab\u00a0Fin [&hellip;]<\/p>\n","protected":false},"author":3,"featured_media":0,"parent":165,"menu_order":0,"comment_status":"closed","ping_status":"closed","template":"","meta":{"footnotes":""},"class_list":["post-182","page","type-page","status-publish","hentry"],"_links":{"self":[{"href":"https:\/\/fmc.landerneau.net\/index.php?rest_route=\/wp\/v2\/pages\/182","targetHints":{"allow":["GET"]}}],"collection":[{"href":"https:\/\/fmc.landerneau.net\/index.php?rest_route=\/wp\/v2\/pages"}],"about":[{"href":"https:\/\/fmc.landerneau.net\/index.php?rest_route=\/wp\/v2\/types\/page"}],"author":[{"embeddable":true,"href":"https:\/\/fmc.landerneau.net\/index.php?rest_route=\/wp\/v2\/users\/3"}],"replies":[{"embeddable":true,"href":"https:\/\/fmc.landerneau.net\/index.php?rest_route=%2Fwp%2Fv2%2Fcomments&post=182"}],"version-history":[{"count":1,"href":"https:\/\/fmc.landerneau.net\/index.php?rest_route=\/wp\/v2\/pages\/182\/revisions"}],"predecessor-version":[{"id":183,"href":"https:\/\/fmc.landerneau.net\/index.php?rest_route=\/wp\/v2\/pages\/182\/revisions\/183"}],"up":[{"embeddable":true,"href":"https:\/\/fmc.landerneau.net\/index.php?rest_route=\/wp\/v2\/pages\/165"}],"wp:attachment":[{"href":"https:\/\/fmc.landerneau.net\/index.php?rest_route=%2Fwp%2Fv2%2Fmedia&parent=182"}],"curies":[{"name":"wp","href":"https:\/\/api.w.org\/{rel}","templated":true}]}}